{"id":360,"date":"2021-07-30T07:46:09","date_gmt":"2021-07-30T11:46:09","guid":{"rendered":"http:\/\/aranoinvestmentsgroup.com\/rivera-maya\/"},"modified":"2021-08-17T08:29:38","modified_gmt":"2021-08-17T12:29:38","slug":"rivera-maya","status":"publish","type":"page","link":"https:\/\/aranoinvestmentsgroup.com\/es\/rivera-maya\/","title":{"rendered":"Rivera Maya"},"content":{"rendered":"<p>[et_pb_section fb_built=\u00bb1&#8243; fullwidth=\u00bbon\u00bb _builder_version=\u00bb4.9.10&#8243; _module_preset=\u00bbdefault\u00bb][et_pb_fullwidth_map address=\u00bbRiviera Maya, Quintana Roo, Mexico\u00bb zoom_level=\u00bb9&#8243; address_lat=\u00bb20.157282455228&#8243; address_lng=\u00bb-87.492816020312&#8243; mouse_wheel=\u00bboff\u00bb mobile_dragging=\u00bboff\u00bb _builder_version=\u00bb4.9.10&#8243; _module_preset=\u00bbdefault\u00bb max_height=\u00bb300px\u00bb child_filter_saturate=\u00bb112%\u00bb child_filter_contrast=\u00bb133%\u00bb child_filter_invert=\u00bb31%\u00bb child_filter_sepia=\u00bb65%\u00bb child_filter_brightness=\u00bb95%\u00bb child_filter_hue_rotate=\u00bb55deg\u00bb][\/et_pb_fullwidth_map][\/et_pb_section][et_pb_section fb_built=\u00bb1&#8243; _builder_version=\u00bb3.22&#8243; custom_padding=\u00bb54px|0px|100px|0px\u00bb][et_pb_row use_custom_gutter=\u00bbon\u00bb gutter_width=\u00bb1&#8243; _builder_version=\u00bb4.9.10&#8243; background_color=\u00bb#ffffff\u00bb background_size=\u00bbinitial\u00bb background_position=\u00bbtop_left\u00bb background_repeat=\u00bbrepeat\u00bb width=\u00bb90%\u00bb max_width=\u00bb1440px\u00bb custom_margin=\u00bb-10%|||\u00bb custom_padding=\u00bb15px|2%|5%|2%|false|true\u00bb animation_style=\u00bbslide\u00bb animation_direction=\u00bbbottom\u00bb animation_intensity_slide=\u00bb6%\u00bb animation_starting_opacity=\u00bb100%\u00bb hover_enabled=\u00bb0&#8243; border_radii=\u00bbon|15px|15px|15px|15px\u00bb border_color_all=\u00bb#000000&#8243; border_width_top=\u00bb18px\u00bb box_shadow_style=\u00bbpreset3&#8243; box_shadow_vertical=\u00bb39px\u00bb box_shadow_blur=\u00bb80px\u00bb box_shadow_color=\u00bbrgba(0,0,0,0.1)\u00bb use_custom_width=\u00bbon\u00bb custom_width_px=\u00bb1440px\u00bb sticky_enabled=\u00bb0&#8243;][et_pb_column type=\u00bb4_4&#8243; _builder_version=\u00bb3.25&#8243; custom_padding=\u00bb|40px||40px\u00bb custom_padding__hover=\u00bb|||\u00bb][et_pb_text _builder_version=\u00bb4.9.10&#8243; _module_preset=\u00bbdefault\u00bb header_font=\u00bbNoto Serif|700|||||||\u00bb header_text_align=\u00bbcenter\u00bb header_text_color=\u00bb#E09900&#8243; header_font_size=\u00bb36px\u00bb header_letter_spacing=\u00bb2px\u00bb custom_margin=\u00bb||10px||false|false\u00bb custom_padding=\u00bb20px||20px||true|false\u00bb]<\/p>\n<h1 style=\"text-align: center;\">Rivera Maya, Q.R.<\/h1>\n<p>[\/et_pb_text][et_pb_slider _builder_version=\u00bb4.9.10&#8243; _module_preset=\u00bbdefault\u00bb][et_pb_slide _builder_version=\u00bb4.9.10&#8243; _module_preset=\u00bbdefault\u00bb background_enable_color=\u00bboff\u00bb background_image=\u00bbhttp:\/\/aranoinvestmentsgroup.com\/wp-content\/uploads\/2021\/07\/tulum_kuyabeh_aerea_alberca_elementos-scaled.jpeg\u00bb background_enable_image=\u00bbon\u00bb sticky_transition=\u00bbon\u00bb][\/et_pb_slide][et_pb_slide heading=\u00bbYour Title Goes Here\u00bb button_text=\u00bbClick Here\u00bb _builder_version=\u00bb4.9.10&#8243; _module_preset=\u00bbdefault\u00bb sticky_transition=\u00bbon\u00bb]<\/p>\n<p>Tu contenido va aqu\u00ed. Edite o remueva este texto en la l\u00ednea, o en el m\u00f3dulo \u00abContent Settings\u00bb. or remove this text inline or in the module Content settings. You can also style every aspect of this content in the module Design settings and even apply custom CSS to this text in the module Advanced settings.<\/p>\n<p>[\/et_pb_slide][\/et_pb_slider][et_pb_text _builder_version=\u00bb4.9.10&#8243; _module_preset=\u00bbdefault\u00bb text_font_size=\u00bb16px\u00bb text_line_height=\u00bb2.1em\u00bb custom_padding=\u00bb20px||20px||true|false\u00bb]<\/p>\n<p style=\"text-align: center;\"><span style=\"font-size: x-large;\"><strong>Playa del Carmen<\/strong> es uno de los destinos para vacaciones en la playa m\u00e1s populares del mundo. Esta playa es tambien uno de los destinos preferidos para el Turismo de Lujo en Mexico, generando m\u00e1s de 150 Millones de d\u00f3lares a\u00f1o tras a\u00f1o.<\/span><\/p>\n<p style=\"text-align: center;\"><span style=\"font-size: x-large;\">Playa del Carmen pertenece al top 5 de destinos con mayor demanda de bienes raices en Mexico.<\/span><\/p>\n<p>&nbsp;<\/p>\n<p>[\/et_pb_text][et_pb_text _builder_version=\u00bb4.9.10&#8243; _module_preset=\u00bbdefault\u00bb header_font=\u00bbNoto Serif|700|||||||\u00bb header_text_align=\u00bbcenter\u00bb header_text_color=\u00bb#E09900&#8243; header_font_size=\u00bb36px\u00bb header_letter_spacing=\u00bb2px\u00bb custom_margin=\u00bb||10px||false|false\u00bb custom_padding=\u00bb20px||20px||true|false\u00bb]<\/p>\n<h1 style=\"text-align: center;\">Propiedades<\/h1>\n<p>[\/et_pb_text][\/et_pb_column][\/et_pb_row][et_pb_row column_structure=\u00bb1_3,1_3,1_3&#8243; use_custom_gutter=\u00bbon\u00bb gutter_width=\u00bb1&#8243; _builder_version=\u00bb4.9.10&#8243; background_color=\u00bb#ffffff\u00bb background_size=\u00bbinitial\u00bb background_position=\u00bbtop_left\u00bb background_repeat=\u00bbrepeat\u00bb width=\u00bb90%\u00bb width_tablet=\u00bb100%\u00bb width_phone=\u00bb100%\u00bb width_last_edited=\u00bbon|phone\u00bb max_width=\u00bb1440px\u00bb custom_margin=\u00bb-5%|auto||auto|false|false\u00bb custom_padding=\u00bb15px|0%|0px|0%|false|true\u00bb animation_style=\u00bbslide\u00bb animation_direction=\u00bbbottom\u00bb animation_intensity_slide=\u00bb6%\u00bb animation_starting_opacity=\u00bb100%\u00bb hover_enabled=\u00bb0&#8243; border_radii=\u00bbon|15px|15px|15px|15px\u00bb border_color_all=\u00bbRGBA(0,0,0,0)\u00bb border_width_top=\u00bb18px\u00bb border_radii_tablet=\u00bb\u00bb border_radii_phone=\u00bbon|5px|5px|5px|5px\u00bb border_radii_last_edited=\u00bbon|phone\u00bb use_custom_width=\u00bbon\u00bb custom_width_px=\u00bb1440px\u00bb locked=\u00bboff\u00bb sticky_enabled=\u00bb0&#8243;][et_pb_column type=\u00bb1_3&#8243; _builder_version=\u00bb3.25&#8243; custom_padding=\u00bb|40px||40px\u00bb custom_padding__hover=\u00bb|||\u00bb][et_pb_image src=\u00bbhttp:\/\/aranoinvestmentsgroup.com\/wp-content\/uploads\/2021\/07\/valenia_piscina.jpeg\u00bb title_text=\u00bbvalenia_piscina\u00bb url=\u00bbhttps:\/\/aranoinvestmentsgroup.com\/es\/propiedades\/12-Villa-1-Dormitorio-1-Bano-USD149-900\/\u00bb align=\u00bbcenter\u00bb align_tablet=\u00bbcenter\u00bb align_phone=\u00bb\u00bb align_last_edited=\u00bbon|tablet\u00bb _builder_version=\u00bb4.9.10&#8243; height=\u00bb250px\u00bb height_tablet=\u00bb\u00bb height_phone=\u00bb\u00bb height_last_edited=\u00bbon|tablet\u00bb max_height=\u00bb400px\u00bb custom_margin=\u00bb||-20px|\u00bb hover_enabled=\u00bb0&#8243; sticky_enabled=\u00bb0&#8243;][\/et_pb_image][et_pb_button button_url=\u00bbhttps:\/\/aranoinvestmentsgroup.com\/es\/propiedades\/\u00bb button_text=\u00bbVer Publicaci\u00f3n\u00bb button_alignment=\u00bbcenter\u00bb _builder_version=\u00bb4.9.10&#8243; custom_button=\u00bbon\u00bb button_text_size=\u00bb12px\u00bb button_bg_color=\u00bb#fa7f28&#8243; button_border_width=\u00bb0px\u00bb button_border_radius=\u00bb6px\u00bb button_letter_spacing=\u00bb1px\u00bb button_font=\u00bbLato|700||on|||||\u00bb button_icon=\u00bb%%20%%\u00bb background_layout=\u00bbdark\u00bb custom_margin=\u00bb||0px|\u00bb custom_padding=\u00bb8px||8px|\u00bb animation_style=\u00bbfold\u00bb box_shadow_style=\u00bbpreset3&#8243; box_shadow_color=\u00bbrgba(250,127,40,0.4)\u00bb button_letter_spacing_hover=\u00bb1px\u00bb button_text_size__hover_enabled=\u00bboff\u00bb button_one_text_size__hover_enabled=\u00bboff\u00bb button_two_text_size__hover_enabled=\u00bboff\u00bb button_text_color__hover_enabled=\u00bboff\u00bb button_one_text_color__hover_enabled=\u00bboff\u00bb button_two_text_color__hover_enabled=\u00bboff\u00bb button_border_width__hover_enabled=\u00bboff\u00bb button_one_border_width__hover_enabled=\u00bboff\u00bb button_two_border_width__hover_enabled=\u00bboff\u00bb button_border_color__hover_enabled=\u00bboff\u00bb button_one_border_color__hover_enabled=\u00bboff\u00bb button_two_border_color__hover_enabled=\u00bboff\u00bb button_border_radius__hover_enabled=\u00bboff\u00bb button_one_border_radius__hover_enabled=\u00bboff\u00bb button_two_border_radius__hover_enabled=\u00bboff\u00bb button_letter_spacing__hover_enabled=\u00bbon\u00bb button_letter_spacing__hover=\u00bb1px\u00bb button_one_letter_spacing__hover_enabled=\u00bboff\u00bb button_two_letter_spacing__hover_enabled=\u00bboff\u00bb button_bg_color__hover_enabled=\u00bboff\u00bb button_one_bg_color__hover_enabled=\u00bboff\u00bb button_two_bg_color__hover_enabled=\u00bboff\u00bb][\/et_pb_button][et_pb_text _builder_version=\u00bb4.9.10&#8243; text_font=\u00bb||||||||\u00bb text_text_color=\u00bb#898f99&#8243; text_font_size=\u00bb15px\u00bb text_line_height=\u00bb1.8em\u00bb link_font=\u00bb||||||||\u00bb link_text_color=\u00bb#3c39e6&#8243; header_font=\u00bb||||||||\u00bb header_2_font=\u00bb|600|||||||\u00bb header_3_font=\u00bb||||||||\u00bb header_4_font=\u00bb|700|||||||\u00bb header_4_font_size=\u00bb32px\u00bb header_5_font=\u00bb||||||||\u00bb header_6_font=\u00bb|300|||||||\u00bb header_6_font_size=\u00bb12px\u00bb text_orientation=\u00bbcenter\u00bb custom_margin=\u00bb20px|20px|40px|20px\u00bb hover_enabled=\u00bb0&#8243; locked=\u00bboff\u00bb sticky_enabled=\u00bb0&#8243;]<\/p>\n<h2><strong>Valenia<\/strong><\/h2>\n<h6>Empezando a<\/h6>\n<h4>$149,900<\/h4>\n<p>152 m2 \u2022 1 Beds \u2022 1.5 Baths<\/p>\n<p>34th km Tul\u00fam-Cob\u00e1 Highway<br \/>Quintana Roo, MX<\/p>\n<p>[\/et_pb_text][\/et_pb_column][et_pb_column type=\u00bb1_3&#8243; _builder_version=\u00bb3.25&#8243; custom_padding=\u00bb|40px||40px\u00bb custom_padding__hover=\u00bb|||\u00bb][et_pb_image src=\u00bbhttp:\/\/aranoinvestmentsgroup.com\/wp-content\/uploads\/2021\/07\/palmara_piscina.jpeg\u00bb title_text=\u00bbpalmara_piscina\u00bb align=\u00bbcenter\u00bb align_tablet=\u00bbcenter\u00bb align_phone=\u00bb\u00bb align_last_edited=\u00bbon|tablet\u00bb _builder_version=\u00bb4.9.10&#8243; height=\u00bb250px\u00bb height_tablet=\u00bb\u00bb height_phone=\u00bb\u00bb height_last_edited=\u00bbon|tablet\u00bb max_height=\u00bb400px\u00bb custom_margin=\u00bb||-20px|\u00bb hover_enabled=\u00bb0&#8243; locked=\u00bboff\u00bb sticky_enabled=\u00bb0&#8243;][\/et_pb_image][et_pb_button button_url=\u00bbhttps:\/\/aranoinvestmentsgroup.com\/es\/propiedades\/\u00bb button_text=\u00bbVer Publicaci\u00f3n\u00bb button_alignment=\u00bbcenter\u00bb _builder_version=\u00bb4.9.10&#8243; custom_button=\u00bbon\u00bb button_text_size=\u00bb12px\u00bb button_bg_color=\u00bb#fa7f28&#8243; button_border_width=\u00bb0px\u00bb button_border_radius=\u00bb6px\u00bb button_letter_spacing=\u00bb1px\u00bb button_font=\u00bbLato|700||on|||||\u00bb button_icon=\u00bb%%20%%\u00bb background_layout=\u00bbdark\u00bb custom_margin=\u00bb||0px|\u00bb custom_padding=\u00bb8px||8px|\u00bb animation_style=\u00bbfold\u00bb box_shadow_style=\u00bbpreset3&#8243; box_shadow_color=\u00bbrgba(250,127,40,0.4)\u00bb button_letter_spacing_hover=\u00bb1px\u00bb locked=\u00bboff\u00bb button_text_size__hover_enabled=\u00bboff\u00bb button_one_text_size__hover_enabled=\u00bboff\u00bb button_two_text_size__hover_enabled=\u00bboff\u00bb button_text_color__hover_enabled=\u00bboff\u00bb button_one_text_color__hover_enabled=\u00bboff\u00bb button_two_text_color__hover_enabled=\u00bboff\u00bb button_border_width__hover_enabled=\u00bboff\u00bb button_one_border_width__hover_enabled=\u00bboff\u00bb button_two_border_width__hover_enabled=\u00bboff\u00bb button_border_color__hover_enabled=\u00bboff\u00bb button_one_border_color__hover_enabled=\u00bboff\u00bb button_two_border_color__hover_enabled=\u00bboff\u00bb button_border_radius__hover_enabled=\u00bboff\u00bb button_one_border_radius__hover_enabled=\u00bboff\u00bb button_two_border_radius__hover_enabled=\u00bboff\u00bb button_letter_spacing__hover_enabled=\u00bbon\u00bb button_letter_spacing__hover=\u00bb1px\u00bb button_one_letter_spacing__hover_enabled=\u00bboff\u00bb button_two_letter_spacing__hover_enabled=\u00bboff\u00bb button_bg_color__hover_enabled=\u00bboff\u00bb button_one_bg_color__hover_enabled=\u00bboff\u00bb button_two_bg_color__hover_enabled=\u00bboff\u00bb][\/et_pb_button][et_pb_text _builder_version=\u00bb4.9.10&#8243; text_font=\u00bb||||||||\u00bb text_text_color=\u00bb#898f99&#8243; text_font_size=\u00bb15px\u00bb text_line_height=\u00bb1.8em\u00bb link_font=\u00bb||||||||\u00bb link_text_color=\u00bb#3c39e6&#8243; header_font=\u00bb||||||||\u00bb header_2_font=\u00bb|600|||||||\u00bb header_3_font=\u00bb||||||||\u00bb header_4_font=\u00bb|700|||||||\u00bb header_4_font_size=\u00bb32px\u00bb header_5_font=\u00bb||||||||\u00bb header_6_font=\u00bb|300|||||||\u00bb header_6_font_size=\u00bb12px\u00bb text_orientation=\u00bbcenter\u00bb custom_margin=\u00bb20px|20px|40px|20px\u00bb hover_enabled=\u00bb0&#8243; locked=\u00bboff\u00bb sticky_enabled=\u00bb0&#8243;]<\/p>\n<h2>Palmara<\/h2>\n<h6>Empezando a<\/h6>\n<h4>$2,000,000<\/h4>\n<p>230 m2. \u2022 3 Beds \u2022 3.5 Baths<\/p>\n<p>52nd km Tul\u00fam-Canc\u00fan Highway<br \/>Quintana Roo, MX<\/p>\n<p>[\/et_pb_text][\/et_pb_column][et_pb_column type=\u00bb1_3&#8243; _builder_version=\u00bb3.25&#8243; custom_padding=\u00bb|40px||40px\u00bb custom_padding__hover=\u00bb|||\u00bb][\/et_pb_column][\/et_pb_row][\/et_pb_section][et_pb_section fb_built=\u00bb1&#8243; admin_label=\u00bbHero section\u00bb _builder_version=\u00bb4.9.10&#8243; use_background_color_gradient=\u00bbon\u00bb background_color_gradient_start=\u00bbrgba(150,105,97,0.67)\u00bb background_color_gradient_end=\u00bbrgba(0,0,0,0.18)\u00bb background_color_gradient_overlays_image=\u00bbon\u00bb background_image=\u00bbhttp:\/\/aranoinvestmentsgroup.com\/wp-content\/uploads\/2021\/07\/valenia_terraza.jpeg\u00bb background_position=\u00bbtop_center\u00bb custom_margin=\u00bb|||\u00bb custom_padding=\u00bb10%||10%|\u00bb][et_pb_row _builder_version=\u00bb3.25&#8243; custom_margin=\u00bb|||\u00bb][et_pb_column type=\u00bb4_4&#8243; _builder_version=\u00bb3.25&#8243; custom_padding=\u00bb|||\u00bb custom_padding__hover=\u00bb|||\u00bb][et_pb_cta title=\u00bbListo para Comprar?\u00bb button_url=\u00bbhttps:\/\/aranoinvestmentsgroup.com\/es\/contactanos\/\u00bb button_text=\u00bbCont\u00e1ctanos\u00bb _builder_version=\u00bb4.9.10&#8243; header_font=\u00bbLato|900||on|||||\u00bb header_font_size=\u00bb48px\u00bb header_letter_spacing=\u00bb2px\u00bb header_line_height=\u00bb1.2em\u00bb body_font=\u00bbLato||||||||\u00bb body_font_size=\u00bb20px\u00bb body_line_height=\u00bb1.8em\u00bb use_background_color=\u00bboff\u00bb custom_button=\u00bbon\u00bb button_text_size=\u00bb16px\u00bb button_text_color=\u00bb#ffffff\u00bb button_bg_color=\u00bb#fa7f28&#8243; button_border_width=\u00bb6px\u00bb button_border_color=\u00bb#fa7f28&#8243; button_border_radius=\u00bb5px\u00bb button_letter_spacing=\u00bb2px\u00bb button_font=\u00bbLato|900||on|||||\u00bb max_width=\u00bb750px\u00bb module_alignment=\u00bbcenter\u00bb animation_style=\u00bbfold\u00bb header_font_size_tablet=\u00bb40px\u00bb header_font_size_phone=\u00bb\u00bb header_font_size_last_edited=\u00bbon|tablet\u00bb header_text_shadow_style=\u00bbpreset1&#8243; header_text_shadow_blur_strength=\u00bb0.6em\u00bb header_text_shadow_color=\u00bbrgba(0,0,0,0.24)\u00bb box_shadow_style_button=\u00bbpreset3&#8243; box_shadow_blur_button=\u00bb30px\u00bb box_shadow_spread_button=\u00bb8px\u00bb box_shadow_color_button=\u00bbrgba(250,127,40,0.15)\u00bb button_letter_spacing_hover=\u00bb2px\u00bb button_text_size__hover_enabled=\u00bboff\u00bb button_one_text_size__hover_enabled=\u00bboff\u00bb button_two_text_size__hover_enabled=\u00bboff\u00bb button_text_color__hover_enabled=\u00bboff\u00bb button_one_text_color__hover_enabled=\u00bboff\u00bb button_two_text_color__hover_enabled=\u00bboff\u00bb button_border_width__hover_enabled=\u00bboff\u00bb button_one_border_width__hover_enabled=\u00bboff\u00bb button_two_border_width__hover_enabled=\u00bboff\u00bb button_border_color__hover_enabled=\u00bboff\u00bb button_one_border_color__hover_enabled=\u00bboff\u00bb button_two_border_color__hover_enabled=\u00bboff\u00bb button_border_radius__hover_enabled=\u00bboff\u00bb button_one_border_radius__hover_enabled=\u00bboff\u00bb button_two_border_radius__hover_enabled=\u00bboff\u00bb button_letter_spacing__hover_enabled=\u00bbon\u00bb button_letter_spacing__hover=\u00bb2px\u00bb button_one_letter_spacing__hover_enabled=\u00bboff\u00bb button_two_letter_spacing__hover_enabled=\u00bboff\u00bb button_bg_color__hover_enabled=\u00bboff\u00bb button_one_bg_color__hover_enabled=\u00bboff\u00bb button_two_bg_color__hover_enabled=\u00bboff\u00bb][\/et_pb_cta][\/et_pb_column][\/et_pb_row][\/et_pb_section]<\/p>\n","protected":false},"excerpt":{"rendered":"<p>Rivera Maya, Q.R.Tu contenido va aqu\u00ed. Edite o remueva este texto en la l\u00ednea, o en el m\u00f3dulo \u00abContent Settings\u00bb. or remove this text inline or in the module Content settings. You can also style every aspect of this content in the module Design settings and even apply custom CSS to this text in the [&hellip;]<\/p>\n","protected":false},"author":1,"featured_media":0,"parent":0,"menu_order":0,"comment_status":"closed","ping_status":"closed","template":"","meta":{"_et_pb_use_builder":"on","_et_pb_old_content":"","_et_gb_content_width":"","footnotes":""},"class_list":["post-360","page","type-page","status-publish","hentry"],"_links":{"self":[{"href":"https:\/\/aranoinvestmentsgroup.com\/es\/wp-json\/wp\/v2\/pages\/360","targetHints":{"allow":["GET"]}}],"collection":[{"href":"https:\/\/aranoinvestmentsgroup.com\/es\/wp-json\/wp\/v2\/pages"}],"about":[{"href":"https:\/\/aranoinvestmentsgroup.com\/es\/wp-json\/wp\/v2\/types\/page"}],"author":[{"embeddable":true,"href":"https:\/\/aranoinvestmentsgroup.com\/es\/wp-json\/wp\/v2\/users\/1"}],"replies":[{"embeddable":true,"href":"https:\/\/aranoinvestmentsgroup.com\/es\/wp-json\/wp\/v2\/comments?post=360"}],"version-history":[{"count":24,"href":"https:\/\/aranoinvestmentsgroup.com\/es\/wp-json\/wp\/v2\/pages\/360\/revisions"}],"predecessor-version":[{"id":700,"href":"https:\/\/aranoinvestmentsgroup.com\/es\/wp-json\/wp\/v2\/pages\/360\/revisions\/700"}],"wp:attachment":[{"href":"https:\/\/aranoinvestmentsgroup.com\/es\/wp-json\/wp\/v2\/media?parent=360"}],"curies":[{"name":"wp","href":"https:\/\/api.w.org\/{rel}","templated":true}]}}